{"id":1749,"date":"2022-10-13T15:40:52","date_gmt":"2022-10-13T12:40:52","guid":{"rendered":"https:\/\/evileye925.com\/?post_type=product&#038;p=1749"},"modified":"2025-03-13T13:05:56","modified_gmt":"2025-03-13T10:05:56","slug":"6mm-silver-evil-eye-charm-murano-glass-evil-eye-pendants","status":"publish","type":"product","link":"https:\/\/www.evileye925.com\/tr\/urun\/6mm-silver-evil-eye-charm-murano-glass-evil-eye-pendants\/","title":{"rendered":"6MM G\u00fcm\u00fc\u015f 5 Par\u00e7a \u00c7ok Renkli Kolye Ucu"},"content":{"rendered":"<p>Yozgat&#8217;taki g\u00fcm\u00fc\u015f at\u00f6lyemizde ustal\u0131kla i\u015flenen g\u00fcm\u00fc\u015f bileklik ve g\u00fcm\u00fc\u015f kolye \u00fcr\u00fcnlerimizi, siz de\u011ferli m\u00fc\u015fterilerimize sunuyoruz. Zarafetin ve kalitenin simgesi olan g\u00fcm\u00fc\u015f bileklik ve g\u00fcm\u00fc\u015f kolye \u00fcr\u00fcnlerimiz, sadece toptan olarak sat\u0131lmaktad\u0131r. Bu e\u015fsiz \u00fcr\u00fcnleri sipari\u015f etmek veya detayl\u0131 bilgi almak i\u00e7in bizimle ileti\u015fime ge\u00e7ebilirsiniz. Butonlara t\u0131klayarak bizimle ileti\u015fime ge\u00e7ebilir veya ileti\u015fim sayfam\u0131z\u0131 ziyaret edebilirsiniz.<\/p>\n<p><a style=\"text-decoration: none;\" href=\"https:\/\/www.facebook.com\/profile.php?id=61556723526391&amp;mibextid=ZbWKwL\"><br \/>\n<img decoding=\"async\" class=\"alignnone wp-image-2388\" src=\"https:\/\/www.evileye925.com\/wp-content\/uploads\/2022\/11\/facebook_2504903-300x300.png\" alt=\"\" width=\"50\" height=\"50\" srcset=\"https:\/\/www.evileye925.com\/wp-content\/uploads\/2022\/11\/facebook_2504903-300x300.png 300w, https:\/\/www.evileye925.com\/wp-content\/uploads\/2022\/11\/facebook_2504903-150x150.png 150w, https:\/\/www.evileye925.com\/wp-content\/uploads\/2022\/11\/facebook_2504903-12x12.png 12w, https:\/\/www.evileye925.com\/wp-content\/uploads\/2022\/11\/facebook_2504903-100x100.png 100w, https:\/\/www.evileye925.com\/wp-content\/uploads\/2022\/11\/facebook_2504903.png 512w\" sizes=\"(max-width: 50px) 100vw, 50px\" \/>\u00a0 Facebook<\/a><\/p>\n<p><a style=\"text-decoration: none;\" href=\"https:\/\/api.whatsapp.com\/send?phone=905461824812&amp;text=%20\"><img decoding=\"async\" class=\"alignnone wp-image-2385\" src=\"https:\/\/www.evileye925.com\/wp-content\/uploads\/2022\/10\/whatsapp_5968841-150x150.png\" alt=\"\" width=\"50\" height=\"50\" srcset=\"https:\/\/www.evileye925.com\/wp-content\/uploads\/2022\/10\/whatsapp_5968841-150x150.png 150w, https:\/\/www.evileye925.com\/wp-content\/uploads\/2022\/10\/whatsapp_5968841-300x300.png 300w, https:\/\/www.evileye925.com\/wp-content\/uploads\/2022\/10\/whatsapp_5968841-12x12.png 12w, https:\/\/www.evileye925.com\/wp-content\/uploads\/2022\/10\/whatsapp_5968841-100x100.png 100w, https:\/\/www.evileye925.com\/wp-content\/uploads\/2022\/10\/whatsapp_5968841.png 512w\" sizes=\"(max-width: 50px) 100vw, 50px\" \/> Whatsapp<\/a><\/p>\n<p><a style=\"text-decoration: none;\" href=\"https:\/\/www.instagram.com\/acerzanaatatolyesiyerkoy?igsh=ajFuY2w4eDIzZGpx\"><img decoding=\"async\" class=\"alignnone wp-image-2384\" src=\"https:\/\/www.evileye925.com\/wp-content\/uploads\/2022\/10\/instagram_2111463-150x150.png\" alt=\"\" width=\"50\" height=\"50\" srcset=\"https:\/\/www.evileye925.com\/wp-content\/uploads\/2022\/10\/instagram_2111463-150x150.png 150w, https:\/\/www.evileye925.com\/wp-content\/uploads\/2022\/10\/instagram_2111463-300x300.png 300w, https:\/\/www.evileye925.com\/wp-content\/uploads\/2022\/10\/instagram_2111463-12x12.png 12w, https:\/\/www.evileye925.com\/wp-content\/uploads\/2022\/10\/instagram_2111463-100x100.png 100w, https:\/\/www.evileye925.com\/wp-content\/uploads\/2022\/10\/instagram_2111463.png 512w\" sizes=\"(max-width: 50px) 100vw, 50px\" \/>\u00a0 \u0130nstagram<\/a><\/p>\n<p><a style=\"text-decoration: none;\" href=\"mailto:info@acerzanaat.com\"><img decoding=\"async\" class=\"alignnone wp-image-2383\" src=\"https:\/\/www.evileye925.com\/wp-content\/uploads\/2022\/10\/email_542689-150x150.png\" alt=\"\" width=\"50\" height=\"50\" srcset=\"https:\/\/www.evileye925.com\/wp-content\/uploads\/2022\/10\/email_542689-150x150.png 150w, https:\/\/www.evileye925.com\/wp-content\/uploads\/2022\/10\/email_542689-300x300.png 300w, https:\/\/www.evileye925.com\/wp-content\/uploads\/2022\/10\/email_542689-12x12.png 12w, https:\/\/www.evileye925.com\/wp-content\/uploads\/2022\/10\/email_542689-100x100.png 100w, https:\/\/www.evileye925.com\/wp-content\/uploads\/2022\/10\/email_542689.png 512w\" sizes=\"(max-width: 50px) 100vw, 50px\" \/>\u00a0 \u0130nfo@acerzanaat.com<\/a><\/p>","protected":false},"excerpt":{"rendered":"<p>Yozgat&#8217;taki g\u00fcm\u00fc\u015f at\u00f6lyemizde ustal\u0131kla i\u015flenen g\u00fcm\u00fc\u015f bileklik ve g\u00fcm\u00fc\u015f kolye \u00fcr\u00fcnlerimizi, siz de\u011ferli m\u00fc\u015fterilerimize sunuyoruz. Zarafetin ve kalitenin simgesi olan g\u00fcm\u00fc\u015f bileklik ve g\u00fcm\u00fc\u015f kolye \u00fcr\u00fcnlerimiz, sadece toptan olarak sat\u0131lmaktad\u0131r. Bu e\u015fsiz \u00fcr\u00fcnleri sipari\u015f etmek veya detayl\u0131 bilgi almak i\u00e7in bizimle ileti\u015fime ge\u00e7ebilirsiniz. Butonlara t\u0131klayarak bizimle ileti\u015fime ge\u00e7ebilir veya ileti\u015fim sayfam\u0131z\u0131 ziyaret edebilirsiniz. \u00a0 Facebook &hellip;<\/p>\n<p class=\"read-more\"> <a class=\"\" href=\"https:\/\/www.evileye925.com\/tr\/urun\/6mm-silver-evil-eye-charm-murano-glass-evil-eye-pendants\/\"> <span class=\"screen-reader-text\">6MM G\u00fcm\u00fc\u015f 5 Par\u00e7a \u00c7ok Renkli Kolye Ucu<\/span> Devam\u0131 &raquo;<\/a><\/p>","protected":false},"featured_media":1750,"comment_status":"open","ping_status":"closed","template":"","meta":{"site-sidebar-layout":"default","site-content-layout":"default","ast-global-header-display":"","ast-main-header-display":"","ast-hfb-above-header-display":"","ast-hfb-below-header-display":"","ast-hfb-mobile-header-display":"","site-post-title":"","ast-breadcrumbs-content":"","ast-featured-img":"","footer-sml-layout":"","theme-transparent-header-meta":"default","adv-header-id-meta":"","stick-header-meta":"","header-above-stick-meta":"","header-main-stick-meta":"","header-below-stick-meta":""},"product_cat":[32],"product_tag":[66,73,74,50,61,75,77,60,58,78,76,79,51],"class_list":["post-1749","product","type-product","status-publish","has-post-thumbnail","hentry","product_cat-evil-eye-pendants-necklaces","product_tag-blue-evil-eye","product_tag-diy-jewelry","product_tag-evil-eye","product_tag-evil-eye-beads","product_tag-evil-eye-charm","product_tag-evil-eye-jewelery","product_tag-evil-eye-necklace","product_tag-evil-eye-pendant","product_tag-good-luck-pendant","product_tag-nazar-boncuk","product_tag-pink-evil-eye","product_tag-silver","product_tag-turkish-evil-eye","desktop-align-left","tablet-align-left","mobile-align-left"],"yoast_head":"<!-- This site is optimized with the Yoast SEO plugin v21.9.1 - https:\/\/yoast.com\/wordpress\/plugins\/seo\/ -->\n<title>EvilEye925 - 6 MM Silver Evil Eye Pendants - Multi Color<\/title>\n<meta name=\"description\" content=\"Best Price for Silver Evil Eye Bracelet, Necklace and Charms for Bracelet. Worldwide Free Shipping For Wholesale.\" \/>\n<meta name=\"robots\" content=\"index, follow, max-snippet:-1, max-image-preview:large, max-video-preview:-1\" \/>\n<link rel=\"canonical\" href=\"https:\/\/www.evileye925.com\/tr\/urun\/6mm-silver-evil-eye-charm-murano-glass-evil-eye-pendants\/\" \/>\n<meta property=\"og:locale\" content=\"tr_TR\" \/>\n<meta property=\"og:type\" content=\"article\" \/>\n<meta property=\"og:title\" content=\"EvilEye925 - 6 MM Silver Evil Eye Pendants - Multi Color\" \/>\n<meta property=\"og:description\" content=\"Best Price for Silver Evil Eye Bracelet, Necklace and Charms for Bracelet. Worldwide Free Shipping For Wholesale.\" \/>\n<meta property=\"og:url\" content=\"https:\/\/www.evileye925.com\/tr\/urun\/6mm-silver-evil-eye-charm-murano-glass-evil-eye-pendants\/\" \/>\n<meta property=\"og:site_name\" content=\"Acer Zanaat At\u00f6lyesi | G\u00fcm\u00fc\u015f Kolye ve Bileklik\" \/>\n<meta property=\"article:modified_time\" content=\"2025-03-13T10:05:56+00:00\" \/>\n<meta property=\"og:image\" content=\"https:\/\/www.evileye925.com\/wp-content\/uploads\/2022\/10\/Evil-eye-jewelery-main-scaled.jpg\" \/>\n\t<meta property=\"og:image:width\" content=\"2560\" \/>\n\t<meta property=\"og:image:height\" content=\"2560\" \/>\n\t<meta property=\"og:image:type\" content=\"image\/jpeg\" \/>\n<meta name=\"twitter:card\" content=\"summary_large_image\" \/>\n<meta name=\"twitter:label1\" content=\"Tahmini okuma s\u00fcresi\" \/>\n\t<meta name=\"twitter:data1\" content=\"2 dakika\" \/>\n<script type=\"application\/ld+json\" class=\"yoast-schema-graph\">{\"@context\":\"https:\/\/schema.org\",\"@graph\":[{\"@type\":\"WebPage\",\"@id\":\"https:\/\/www.evileye925.com\/urun\/6mm-silver-evil-eye-charm-murano-glass-evil-eye-pendants\/\",\"url\":\"https:\/\/www.evileye925.com\/urun\/6mm-silver-evil-eye-charm-murano-glass-evil-eye-pendants\/\",\"name\":\"EvilEye925 - 6 MM Silver Evil Eye Pendants - Multi Color\",\"isPartOf\":{\"@id\":\"https:\/\/www.evileye925.com\/#website\"},\"datePublished\":\"2022-10-13T12:40:52+00:00\",\"dateModified\":\"2025-03-13T10:05:56+00:00\",\"description\":\"Best Price for Silver Evil Eye Bracelet, Necklace and Charms for Bracelet. Worldwide Free Shipping For Wholesale.\",\"breadcrumb\":{\"@id\":\"https:\/\/www.evileye925.com\/urun\/6mm-silver-evil-eye-charm-murano-glass-evil-eye-pendants\/#breadcrumb\"},\"inLanguage\":\"tr\",\"potentialAction\":[{\"@type\":\"ReadAction\",\"target\":[\"https:\/\/www.evileye925.com\/urun\/6mm-silver-evil-eye-charm-murano-glass-evil-eye-pendants\/\"]}]},{\"@type\":\"BreadcrumbList\",\"@id\":\"https:\/\/www.evileye925.com\/urun\/6mm-silver-evil-eye-charm-murano-glass-evil-eye-pendants\/#breadcrumb\",\"itemListElement\":[{\"@type\":\"ListItem\",\"position\":1,\"name\":\"Home\",\"item\":\"https:\/\/www.evileye925.com\/tr\/\"},{\"@type\":\"ListItem\",\"position\":2,\"name\":\"Shop\",\"item\":\"https:\/\/www.evileye925.com\/shop\/\"},{\"@type\":\"ListItem\",\"position\":3,\"name\":\"6MM Silver 5 Pieces Multi Color Pendants\"}]},{\"@type\":\"WebSite\",\"@id\":\"https:\/\/www.evileye925.com\/#website\",\"url\":\"https:\/\/www.evileye925.com\/\",\"name\":\"Acer Zanaat At\u00f6lyesi | G\u00fcm\u00fc\u015f Bileklik ve Kolye\",\"description\":\"G\u00fcm\u00fc\u015f Tak\u0131 \u00dcretim Tasar\u0131m\",\"publisher\":{\"@id\":\"https:\/\/www.evileye925.com\/#organization\"},\"alternateName\":\"Acer Zanaat At\u00f6lyesi | G\u00fcm\u00fc\u015f Bileklik ve Kolye\",\"potentialAction\":[{\"@type\":\"SearchAction\",\"target\":{\"@type\":\"EntryPoint\",\"urlTemplate\":\"https:\/\/www.evileye925.com\/?s={search_term_string}\"},\"query-input\":\"required name=search_term_string\"}],\"inLanguage\":\"tr\"},{\"@type\":\"Organization\",\"@id\":\"https:\/\/www.evileye925.com\/#organization\",\"name\":\"Acer Zanaat At\u00f6lyesi\",\"alternateName\":\"Acer Zanaat At\u00f6lyesi | G\u00fcm\u00fc\u015f Bileklik ve Kolye\",\"url\":\"https:\/\/www.evileye925.com\/\",\"logo\":{\"@type\":\"ImageObject\",\"inLanguage\":\"tr\",\"@id\":\"https:\/\/www.evileye925.com\/#\/schema\/logo\/image\/\",\"url\":\"https:\/\/www.evileye925.com\/wp-content\/uploads\/2024\/02\/cropped-photo_2024-02-03_13-40-21.jpg\",\"contentUrl\":\"https:\/\/www.evileye925.com\/wp-content\/uploads\/2024\/02\/cropped-photo_2024-02-03_13-40-21.jpg\",\"width\":512,\"height\":512,\"caption\":\"Acer Zanaat At\u00f6lyesi\"},\"image\":{\"@id\":\"https:\/\/www.evileye925.com\/#\/schema\/logo\/image\/\"},\"sameAs\":[\"https:\/\/www.instagram.com\/acerzanaatatolyesiyerkoy?igsh=ajFuY2w4eDIzZGpx\"]}]}<\/script>\n<!-- \/ Yoast SEO plugin. -->","yoast_head_json":{"title":"EvilEye925 - 6 MM Silver Evil Eye Pendants - Multi Color","description":"Best Price for Silver Evil Eye Bracelet, Necklace and Charms for Bracelet. Worldwide Free Shipping For Wholesale.","robots":{"index":"index","follow":"follow","max-snippet":"max-snippet:-1","max-image-preview":"max-image-preview:large","max-video-preview":"max-video-preview:-1"},"canonical":"https:\/\/www.evileye925.com\/tr\/urun\/6mm-silver-evil-eye-charm-murano-glass-evil-eye-pendants\/","og_locale":"tr_TR","og_type":"article","og_title":"EvilEye925 - 6 MM Silver Evil Eye Pendants - Multi Color","og_description":"Best Price for Silver Evil Eye Bracelet, Necklace and Charms for Bracelet. Worldwide Free Shipping For Wholesale.","og_url":"https:\/\/www.evileye925.com\/tr\/urun\/6mm-silver-evil-eye-charm-murano-glass-evil-eye-pendants\/","og_site_name":"Acer Zanaat At\u00f6lyesi | G\u00fcm\u00fc\u015f Kolye ve Bileklik","article_modified_time":"2025-03-13T10:05:56+00:00","og_image":[{"width":2560,"height":2560,"url":"https:\/\/www.evileye925.com\/wp-content\/uploads\/2022\/10\/Evil-eye-jewelery-main-scaled.jpg","type":"image\/jpeg"}],"twitter_card":"summary_large_image","twitter_misc":{"Tahmini okuma s\u00fcresi":"2 dakika"},"schema":{"@context":"https:\/\/schema.org","@graph":[{"@type":"WebPage","@id":"https:\/\/www.evileye925.com\/urun\/6mm-silver-evil-eye-charm-murano-glass-evil-eye-pendants\/","url":"https:\/\/www.evileye925.com\/urun\/6mm-silver-evil-eye-charm-murano-glass-evil-eye-pendants\/","name":"EvilEye925 - 6 MM Silver Evil Eye Pendants - Multi Color","isPartOf":{"@id":"https:\/\/www.evileye925.com\/#website"},"datePublished":"2022-10-13T12:40:52+00:00","dateModified":"2025-03-13T10:05:56+00:00","description":"Best Price for Silver Evil Eye Bracelet, Necklace and Charms for Bracelet. Worldwide Free Shipping For Wholesale.","breadcrumb":{"@id":"https:\/\/www.evileye925.com\/urun\/6mm-silver-evil-eye-charm-murano-glass-evil-eye-pendants\/#breadcrumb"},"inLanguage":"tr","potentialAction":[{"@type":"ReadAction","target":["https:\/\/www.evileye925.com\/urun\/6mm-silver-evil-eye-charm-murano-glass-evil-eye-pendants\/"]}]},{"@type":"BreadcrumbList","@id":"https:\/\/www.evileye925.com\/urun\/6mm-silver-evil-eye-charm-murano-glass-evil-eye-pendants\/#breadcrumb","itemListElement":[{"@type":"ListItem","position":1,"name":"Home","item":"https:\/\/www.evileye925.com\/tr\/"},{"@type":"ListItem","position":2,"name":"Shop","item":"https:\/\/www.evileye925.com\/shop\/"},{"@type":"ListItem","position":3,"name":"6MM Silver 5 Pieces Multi Color Pendants"}]},{"@type":"WebSite","@id":"https:\/\/www.evileye925.com\/#website","url":"https:\/\/www.evileye925.com\/","name":"Acer Zanaat At\u00f6lyesi | G\u00fcm\u00fc\u015f Bileklik ve Kolye","description":"G\u00fcm\u00fc\u015f Tak\u0131 \u00dcretim Tasar\u0131m","publisher":{"@id":"https:\/\/www.evileye925.com\/#organization"},"alternateName":"Acer Zanaat At\u00f6lyesi | G\u00fcm\u00fc\u015f Bileklik ve Kolye","potentialAction":[{"@type":"SearchAction","target":{"@type":"EntryPoint","urlTemplate":"https:\/\/www.evileye925.com\/?s={search_term_string}"},"query-input":"required name=search_term_string"}],"inLanguage":"tr"},{"@type":"Organization","@id":"https:\/\/www.evileye925.com\/#organization","name":"Acer Zanaat At\u00f6lyesi","alternateName":"Acer Zanaat At\u00f6lyesi | G\u00fcm\u00fc\u015f Bileklik ve Kolye","url":"https:\/\/www.evileye925.com\/","logo":{"@type":"ImageObject","inLanguage":"tr","@id":"https:\/\/www.evileye925.com\/#\/schema\/logo\/image\/","url":"https:\/\/www.evileye925.com\/wp-content\/uploads\/2024\/02\/cropped-photo_2024-02-03_13-40-21.jpg","contentUrl":"https:\/\/www.evileye925.com\/wp-content\/uploads\/2024\/02\/cropped-photo_2024-02-03_13-40-21.jpg","width":512,"height":512,"caption":"Acer Zanaat At\u00f6lyesi"},"image":{"@id":"https:\/\/www.evileye925.com\/#\/schema\/logo\/image\/"},"sameAs":["https:\/\/www.instagram.com\/acerzanaatatolyesiyerkoy?igsh=ajFuY2w4eDIzZGpx"]}]}},"_links":{"self":[{"href":"https:\/\/www.evileye925.com\/tr\/wp-json\/wp\/v2\/product\/1749","targetHints":{"allow":["GET"]}}],"collection":[{"href":"https:\/\/www.evileye925.com\/tr\/wp-json\/wp\/v2\/product"}],"about":[{"href":"https:\/\/www.evileye925.com\/tr\/wp-json\/wp\/v2\/types\/product"}],"replies":[{"embeddable":true,"href":"https:\/\/www.evileye925.com\/tr\/wp-json\/wp\/v2\/comments?post=1749"}],"wp:featuredmedia":[{"embeddable":true,"href":"https:\/\/www.evileye925.com\/tr\/wp-json\/wp\/v2\/media\/1750"}],"wp:attachment":[{"href":"https:\/\/www.evileye925.com\/tr\/wp-json\/wp\/v2\/media?parent=1749"}],"wp:term":[{"taxonomy":"product_cat","embeddable":true,"href":"https:\/\/www.evileye925.com\/tr\/wp-json\/wp\/v2\/product_cat?post=1749"},{"taxonomy":"product_tag","embeddable":true,"href":"https:\/\/www.evileye925.com\/tr\/wp-json\/wp\/v2\/product_tag?post=1749"}],"curies":[{"name":"wp","href":"https:\/\/api.w.org\/{rel}","templated":true}]}}